{"id":2513,"date":"2019-02-20T08:27:39","date_gmt":"2019-02-20T08:27:39","guid":{"rendered":"http:\/\/www.tmf.com.ro\/?page_id=2513"},"modified":"2025-10-08T14:25:15","modified_gmt":"2025-10-08T14:25:15","slug":"%d0%ba%d0%be%d0%bc%d0%bf%d0%b0%d0%bd%d0%b8%d1%8f","status":"publish","type":"page","link":"http:\/\/www.tmf.com.ro\/ru\/%d0%ba%d0%be%d0%bc%d0%bf%d0%b0%d0%bd%d0%b8%d1%8f\/","title":{"rendered":"\u041a\u043e\u043c\u043f\u0430\u043d\u0438\u044f"},"content":{"rendered":"<div class=\"wpb-content-wrapper\">[vc_row gap=&#187;40&#8243; equal_height=&#187;yes&#187; content_placement=&#187;middle&#187; disable_element=&#187;yes&#187; element_id=&#187;627832&#8243; element_css=&#187;.vc-row-331899 .animated-container {background-image:url(http:\/\/www.tmf.com.ro\/wp-content\/uploads\/2019\/02\/map_transparent_dark.png);}.vc-row-331899 .top-gradient {background:linear-gradient(to bottom, #307734 0%,rgba(255,255,255,0) 100%);}.vc-row-331899 .bottom-gradient {background:linear-gradient(to top, #307734 0%,rgba(255,255,255,0) 100%);}&#187; css=&#187;.vc_custom_1576149916671{padding-top: 56px !important;padding-bottom: 96px !important;}&#187; el_id=&#187;one-page-about-us&#187;][vc_column animation_delay=&#187;0&#8243; css_animation=&#187;bottom-to-top&#187; element_id=&#187;843083&#8243; crp=&#187;480:i:i,480-768:i:i,768-1024:i:i,1024-1280:15:15,1280-1366:i:i,1366-1600:i:i,1600-1920:i:i&#187; offset=&#187;vc_col-lg-6 vc_col-md-12 vc_col-xs-12&#8243;]<div id=\"et-video-1\" class=\"et-video\"><a class=\"modal-video-poster video-modal\" href=\"https:\/\/www.youtube.com\/watch?v=roertNcQTHY\" rel=\"nofollow noopener\" target=\"_blank\"><img decoding=\"async\" alt=\"Video poster\" src=\"http:\/\/www.tmf.com.ro\/wp-content\/uploads\/2019\/02\/video.jpg\" title=\"\"><\/a><\/div><span class=\"et-gap et-clearfix et-gap-890689 hide1280\"><\/span>[\/vc_column][vc_column animation_delay=&#187;150&#8243; css_animation=&#187;top-to-bottom&#187; element_id=&#187;504275&#8243; crp=&#187;480:i:i,480-768:i:i,768-1024:i:i,1024-1280:15:15,1280-1366:i:i,1366-1600:i:i,1600-1920:i:i&#187; offset=&#187;vc_col-lg-6 vc_col-md-12 vc_col-xs-12&#8243;]<h3 class=\"et-heading text-align-left tablet-text-align-inherit mobile-text-align-inherit animate-false no-animation-type\" id=\"et-heading-917326\" data-delay=\"0\" data-mobile-font=\"56px\" data-mobile-line-height=\"56px\" data-tablet-landscape-font=\"inherit\" data-tablet-portrait-font=\"inherit\" data-tablet-landscape-line-height=\"inherit\" data-tablet-portrait-line-height=\"inherit\" data-parallax=\"false\" data-move=\"false\" data-coordinatex=\"0\" data-coordinatey=\"0\" data-speed=\"10\"><span class=\"text-wrapper\"><span class=\"text\">Cine suntem?<\/span><\/span><\/h3><span class=\"et-gap et-clearfix et-gap-763853\"><\/span><p class=\"et-heading text-align-left tablet-text-align-inherit mobile-text-align-inherit animate-false no-animation-type\" id=\"et-heading-418642\" data-delay=\"0\" data-mobile-font=\"inherit\" data-mobile-line-height=\"inherit\" data-tablet-landscape-font=\"inherit\" data-tablet-portrait-font=\"inherit\" data-tablet-landscape-line-height=\"inherit\" data-tablet-portrait-line-height=\"inherit\" data-parallax=\"false\" data-move=\"false\" data-coordinatex=\"0\" data-coordinatey=\"0\" data-speed=\"10\"><span class=\"text-wrapper\"><span class=\"text\">TMF S.R.L. este o companie cu \u00eenalt\u0103 calificare profesional\u0103 \u0219i cu o bogat\u0103 experien\u021b\u0103 \u00een proiectare mecanic\u0103 \u0219i simulare de robo\u021bi.<\/span><\/span><\/p>[vc_column_text animation_delay=&#187;0&#8243;]<span class=\"et-font-size\" data-fontsize=\"24px\" data-lineheight=\"28px\">\n<span style=\"color: #000000;\">Datorit\u0103 colabor\u0103rilor continue cu o serie de clien\u021bi importan\u021bi din segmentul auto, compania noastr\u0103 este \u00een permanen\u021b\u0103 \u00een c\u0103utare de solu\u021bii tehnice noi \u0219i originale pentru a ob\u021bine un produs finit de \u00eenalt\u0103 calitate.<\/span><br \/>\n<\/span>[\/vc_column_text]<span class=\"et-gap et-clearfix et-gap-138704\"><\/span>[\/vc_column][\/vc_row][vc_row gap=&#187;40&#8243; equal_height=&#187;yes&#187; content_placement=&#187;middle&#187; element_id=&#187;895324&#8243; element_css=&#187;.vc-row-331899 .animated-container {background-image:url(http:\/\/www.tmf.com.ro\/wp-content\/uploads\/2019\/02\/map_transparent_dark.png);}.vc-row-331899 .top-gradient {background:linear-gradient(to bottom, #307734 0%,rgba(255,255,255,0) 100%);}.vc-row-331899 .bottom-gradient {background:linear-gradient(to top, #307734 0%,rgba(255,255,255,0) 100%);}&#187; css=&#187;.vc_custom_1548927301070{padding-top: 56px !important;padding-bottom: 96px !important;}&#187;][vc_column animation_delay=&#187;0&#8243; css_animation=&#187;bottom-to-top&#187; element_id=&#187;843083&#8243; crp=&#187;480:i:i,480-768:i:i,768-1024:i:i,1024-1280:15:15,1280-1366:i:i,1366-1600:i:i,1600-1920:i:i&#187; offset=&#187;vc_col-lg-6 vc_col-md-12 vc_col-xs-12&#8243;][vc_video link=&#187;https:\/\/www.youtube.com\/watch?v=kvWOodnk408&#8243;]<span class=\"et-gap et-clearfix et-gap-890689 hide1280\"><\/span>[\/vc_column][vc_column animation_delay=&#187;150&#8243; css_animation=&#187;top-to-bottom&#187; element_id=&#187;504275&#8243; crp=&#187;480:i:i,480-768:i:i,768-1024:i:i,1024-1280:15:15,1280-1366:i:i,1366-1600:i:i,1600-1920:i:i&#187; offset=&#187;vc_col-lg-6 vc_col-md-12 vc_col-xs-12&#8243;]<h3 class=\"et-heading text-align-left tablet-text-align-inherit mobile-text-align-inherit animate-false no-animation-type\" id=\"et-heading-520835\" data-delay=\"0\" data-mobile-font=\"56px\" data-mobile-line-height=\"56px\" data-tablet-landscape-font=\"inherit\" data-tablet-portrait-font=\"inherit\" data-tablet-landscape-line-height=\"inherit\" data-tablet-portrait-line-height=\"inherit\" data-parallax=\"false\" data-move=\"false\" data-coordinatex=\"0\" data-coordinatey=\"0\" data-speed=\"10\"><span class=\"text-wrapper\"><span class=\"text\">\u041a\u0435\u043c \u043c\u044b \u044f\u0432\u043b\u044f\u0435\u043c\u0441\u044f?<\/span><\/span><\/h3><span class=\"et-gap et-clearfix et-gap-763853\"><\/span><p class=\"et-heading text-align-left tablet-text-align-inherit mobile-text-align-inherit animate-false no-animation-type\" id=\"et-heading-268154\" data-delay=\"0\" data-mobile-font=\"inherit\" data-mobile-line-height=\"inherit\" data-tablet-landscape-font=\"inherit\" data-tablet-portrait-font=\"inherit\" data-tablet-landscape-line-height=\"inherit\" data-tablet-portrait-line-height=\"inherit\" data-parallax=\"false\" data-move=\"false\" data-coordinatex=\"0\" data-coordinatey=\"0\" data-speed=\"10\"><span class=\"text-wrapper\"><span class=\"text\">TMF S.R.L. &#8212; \u043a\u043e\u043c\u043f\u0430\u043d\u0438\u044f \u0441 \u0432\u044b\u0441\u043e\u043a\u043e\u0439 \u043f\u0440\u043e\u0444\u0435\u0441\u0441\u0438\u043e\u043d\u0430\u043b\u044c\u043d\u043e\u0439 \u043a\u0432\u0430\u043b\u0438\u0444\u0438\u043a\u0430\u0446\u0438\u0435\u0439 \u0438 \u0431\u043e\u0433\u0430\u0442\u044b\u043c \u043e\u043f\u044b\u0442\u043e\u043c \u0432 \u043e\u0431\u043b\u0430\u0441\u0442\u0438 \u043c\u0435\u0445\u0430\u043d\u0438\u0447\u0435\u0441\u043a\u043e\u0433\u043e \u043f\u0440\u043e\u0435\u043a\u0442\u0438\u0440\u043e\u0432\u0430\u043d\u0438\u044f \u0438 \u043c\u043e\u0434\u0435\u043b\u0438\u0440\u043e\u0432\u0430\u043d\u0438\u044f \u0440\u043e\u0431\u043e\u0442\u043e\u0432.<\/span><\/span><\/p>[vc_column_text animation_delay=&#187;0&#8243;]<span class=\"et-font-size\" data-fontsize=\"24px\" data-lineheight=\"28px\">\n<span style=\"color: #000000;\">\u0411\u043b\u0430\u0433\u043e\u0434\u0430\u0440\u044f \u043f\u043e\u0441\u0442\u043e\u044f\u043d\u043d\u043e\u043c\u0443 \u0441\u043e\u0442\u0440\u0443\u0434\u043d\u0438\u0447\u0435\u0441\u0442\u0432\u0443 \u0441 \u043c\u043d\u043e\u0433\u043e\u0447\u0438\u0441\u043b\u0435\u043d\u043d\u044b\u043c\u0438 \u0432\u0430\u0436\u043d\u044b\u043c\u0438 \u043a\u043b\u0438\u0435\u043d\u0442\u0430\u043c\u0438 \u0430\u0432\u0442\u043e\u043c\u043e\u0431\u0438\u043b\u044c\u043d\u043e\u0433\u043e \u0441\u0435\u0433\u043c\u0435\u043d\u0442\u0430, \u043d\u0430\u0448\u0430 \u043a\u043e\u043c\u043f\u0430\u043d\u0438\u044f \u043f\u043e\u0441\u0442\u043e\u044f\u043d\u043d\u043e \u0438\u0449\u0435\u0442 \u043d\u043e\u0432\u044b\u0435 \u0438 \u043e\u0440\u0438\u0433\u0438\u043d\u0430\u043b\u044c\u043d\u044b\u0435 \u0442\u0435\u0445\u043d\u0438\u0447\u0435\u0441\u043a\u0438\u0435 \u0440\u0435\u0448\u0435\u043d\u0438\u044f \u0434\u043b\u044f \u043f\u043e\u043b\u0443\u0447\u0435\u043d\u0438\u044f \u0432\u044b\u0441\u043e\u043a\u043e\u043a\u0430\u0447\u0435\u0441\u0442\u0432\u0435\u043d\u043d\u043e\u0433\u043e \u0433\u043e\u0442\u043e\u0432\u043e\u0433\u043e \u043f\u0440\u043e\u0434\u0443\u043a\u0442\u0430.<\/span><br \/>\n<\/span>[\/vc_column_text]<span class=\"et-gap et-clearfix et-gap-138704\"><\/span>[\/vc_column][\/vc_row][vc_row equal_height=&#187;yes&#187; content_placement=&#187;middle&#187; element_id=&#187;689128&#8243; css=&#187;.vc_custom_1575849548161{padding-top: 96px !important;padding-bottom: 96px !important;background-color: #307738 !important;}&#187;][vc_column animation_delay=&#187;0&#8243; css_animation=&#187;bottom-to-top&#187; width=&#187;1\/2&#8243; element_id=&#187;960198&#8243; offset=&#187;vc_col-lg-6 vc_col-md-6 vc_col-xs-12&#8243; crp=&#187;480:i:i,480-768:i:i,768-1024:i:i,1024-1280:i:i,1280-1366:i:i,1366-1600:i:i,1600-1920:i:i&#187;][vc_column_text animation_delay=&#187;0&#8243;]<span class=\"et-font-size\" data-fontsize=\"24px\" data-lineheight=\"32px\">\n<p><span lang=\"ru-RU\" style=\"color: #fff;\">\u0414\u043b\u044f \u043d\u0430\u0441 \u043a\u0430\u0436\u0434\u044b\u0439 \u043f\u0440\u043e\u0435\u043a\u0442 \u043f\u0440\u0435\u0434\u0441\u0442\u0430\u0432\u043b\u044f\u0435\u0442 \u0441\u043e\u0431\u043e\u0439 \u043d\u043e\u0432\u0443\u044e \u0437\u0430\u0434\u0430\u0447\u0443, \u043a \u043a\u043e\u0442\u043e\u0440\u043e\u0439 \u043d\u0430\u0448\u0430 \u043a\u043e\u043c\u0430\u043d\u0434\u0430 \u043f\u043e\u0434\u0445\u043e\u0434\u0438\u0442 \u0441 \u0438\u0441\u043a\u043b\u044e\u0447\u0438\u0442\u0435\u043b\u044c\u043d\u043e\u0439 \u043a\u043e\u043c\u043f\u0435\u0442\u0435\u043d\u0442\u043d\u043e\u0441\u0442\u044c\u044e, \u0441 \u0431\u043e\u043b\u044c\u0448\u043e\u0439 \u0434\u0438\u043d\u0430\u043c\u0438\u0447\u043d\u043e\u0441\u0442\u044c\u044e \u0438 \u0430\u0431\u0441\u043e\u043b\u044e\u0442\u043d\u043e\u0439 \u0433\u0438\u0431\u043a\u043e\u0441\u0442\u044c\u044e. \u0412 \u0442\u043e \u0436\u0435 \u0432\u0440\u0435\u043c\u044f \u043c\u044b \u043f\u043e\u043c\u043e\u0433\u0430\u0435\u043c \u043d\u0430\u0448\u0438\u043c \u043f\u0430\u0440\u0442\u043d\u0435\u0440\u0430\u043c \u043f\u0440\u0438 \u043a\u0430\u0436\u0434\u043e\u0439 \u0432\u043e\u0437\u043c\u043e\u0436\u043d\u043e\u0441\u0442\u0438, \u043f\u0440\u0435\u0434\u043e\u0441\u0442\u0430\u0432\u043b\u044f\u044f \u0438\u043d\u0441\u0442\u0440\u0443\u043c\u0435\u043d\u0442\u044b \u0438 \u0437\u043d\u0430\u043d\u0438\u044f, \u043d\u0435\u043e\u0431\u0445\u043e\u0434\u0438\u043c\u044b\u0435 \u0434\u043b\u044f \u0443\u0441\u043f\u0435\u0445\u0430 \u0438\u0445 \u043f\u0440\u043e\u0434\u0443\u043a\u0442\u043e\u0432.<\/span><br \/>\n<\/span>[\/vc_column_text][\/vc_column][vc_column width=&#187;1\/2&#8243;][vc_images_carousel images=&#187;1031,1035,1039,1043,1047&#8243; img_size=&#187;600&#215;400&#8243; onclick=&#187;link_no&#187; speed=&#187;1000&#8243; autoplay=&#187;yes&#187; hide_pagination_control=&#187;yes&#187; wrap=&#187;yes&#187;][\/vc_column][\/vc_row][vc_row gap=&#187;0&#8243; element_id=&#187;767292&#8243; element_css=&#187;.vc-row-666916 .top-gradient {background:linear-gradient(to bottom, #ffffff 0%,rgba(255,255,255,0) 100%);}&#187; grid_overlay=&#187;black&#187; css=&#187;.vc_custom_1548925835685{padding-top: 96px !important;padding-bottom: 0px !important;}&#187;][vc_column width=&#187;1\/4&#8243;][\/vc_column][vc_column animation_delay=&#187;0&#8243; css_animation=&#187;bottom-to-top&#187; width=&#187;1\/2&#8243; element_id=&#187;813566&#8243; crp=&#187;480:i:i,480-768:i:i,768-1024:i:i,1024-1280:i:i,1280-1366:i:i,1366-1600:i:i,1600-1920:i:i&#187;]<div id=\"et-image-875323\" class=\"et-image aligncenter curtain-left\" data-curtain=\"false\" data-animation-delay=\"0\" data-parallax=\"false\" data-move=\"false\" data-coordinatex=\"0\" data-coordinatey=\"0\" data-speed=\"10\"><img decoding=\"async\" width=\"t\" height=\"t\" src=\"http:\/\/www.tmf.com.ro\/wp-content\/uploads\/2019\/12\/logo_TMF-romania.png\" alt=\"TMF\" title=\"\"><\/div><span class=\"et-gap et-clearfix et-gap-713538\"><\/span>[\/vc_column][vc_column width=&#187;1\/4&#8243;][\/vc_column][\/vc_row][vc_row element_id=&#187;233081&#8243; element_css=&#187;.vc-row-666916 .top-gradient {background:linear-gradient(to bottom, #ffffff 0%,rgba(255,255,255,0) 100%);}&#187; grid_overlay=&#187;black&#187; css=&#187;.vc_custom_1548927243306{padding-top: 0px !important;padding-bottom: 96px !important;}&#187;][vc_column]<div id=\"et-step-box-container-273306\" class=\"column-1 et-step-box-container\"><div id=\"et-step-box-348402\" class=\"et-step-box et-item\"><div class=\"et-step-box-inner et-item-inner et-clearfix\"><div class=\"et-step-content et-clearfix\"><div class=\"step-dot\"><span class=\"before\"><\/span><\/div><h3 class=\"et-step-box-title\">\u041d\u0430\u0448\u0430 \u043a\u043e\u043c\u043f\u0430\u043d\u0438\u044f<\/h3><p class=\"et-step-box-content\"><span class=\"et-font-size\" data-fontsize=\"18px\" data-lineheight=\"28px\">\u0431\u044b\u043b\u0430 \u043e\u0441\u043d\u043e\u0432\u0430\u043d\u0430 \u0432 2004 \u0433\u043e\u0434\u0443 \u0438 \u0441 \u0442\u0435\u0445 \u043f\u043e\u0440 \u043f\u043e\u0441\u0442\u043e\u044f\u043d\u043d\u043e \u0440\u0430\u0437\u0432\u0438\u0432\u0430\u0435\u0442\u0441\u044f. \u041f\u0440\u0435\u0434\u043f\u043e\u0441\u044b\u043b\u043a\u0430\u043c\u0438 \u0431\u044b\u0441\u0442\u0440\u043e\u0433\u043e \u0440\u043e\u0441\u0442\u0430 \u043a\u043e\u043c\u043f\u0430\u043d\u0438\u0438 \u0441\u0442\u0430\u043b\u0438: \u043f\u043e\u0441\u0442\u043e\u044f\u043d\u043d\u043e\u0435 \u0443\u0432\u0435\u043b\u0438\u0447\u0435\u043d\u0438\u0435 \u043a\u043e\u043b\u0438\u0447\u0435\u0441\u0442\u0432\u0430 \u043a\u043b\u0438\u0435\u043d\u0442\u043e\u0432, \u0438\u0445 \u043f\u043e\u043b\u043d\u043e\u0435 \u0443\u0434\u043e\u0432\u043b\u0435\u0442\u0432\u043e\u0440\u0435\u043d\u0438\u0435 \u0438 \u043d\u0430\u0448\u0435 \u043e\u0441\u043e\u0431\u043e\u0435 \u0432\u043d\u0438\u043c\u0430\u043d\u0438\u0435 \u043f\u0440\u0438 \u043e\u0440\u0433\u0430\u043d\u0438\u0437\u0430\u0446\u0438\u0438 \u0438 \u043f\u043b\u0430\u043d\u0438\u0440\u043e\u0432\u0430\u043d\u0438\u0438 \u0440\u0430\u0431\u043e\u0442.<\/span><\/p><\/div><\/div><\/div><div id=\"et-step-box-175448\" class=\"et-step-box et-item\"><div class=\"et-step-box-inner et-item-inner et-clearfix\"><div class=\"et-step-content et-clearfix\"><div class=\"step-dot\"><span class=\"before\"><\/span><\/div><h3 class=\"et-step-box-title\">\u041a\u043e\u043c\u043f\u0430\u043d\u0438\u044f \u043d\u0430\u0446\u0435\u043b\u0435\u043d\u0430<\/h3><p class=\"et-step-box-content\"><span class=\"et-font-size\" data-fontsize=\"18px\" data-lineheight=\"28px\"><\/span>\u043d\u0430 \u0434\u043e\u0441\u0442\u0438\u0436\u0435\u043d\u0438\u0435 \u043f\u0440\u0435\u0432\u043e\u0441\u0445\u043e\u0434\u043d\u044b\u0445 \u0440\u0435\u0437\u0443\u043b\u044c\u0442\u0430\u0442\u043e\u0432, \u043e\u0431\u0435\u0441\u043f\u0435\u0447\u0435\u043d\u0438\u0435 \u0445\u043e\u0440\u043e\u0448\u0435\u0439 \u043f\u043e\u0437\u0438\u0446\u0438\u0438 \u043d\u0430 \u0440\u044b\u043d\u043a\u0435 \u0441 \u0442\u043e\u0447\u043a\u0438 \u0437\u0440\u0435\u043d\u0438\u044f \u0441\u043b\u0435\u0434\u0443\u044e\u0449\u0438\u0445 \u0430\u0442\u0440\u0438\u0431\u0443\u0442\u043e\u0432: \u043a\u0430\u0447\u0435\u0441\u0442\u0432\u043e \u043f\u0440\u0435\u0434\u043b\u0430\u0433\u0430\u0435\u043c\u044b\u0445 \u0443\u0441\u043b\u0443\u0433 \u0438 \u043f\u0440\u043e\u0434\u0443\u043a\u0442\u043e\u0432, \u0438\u0441\u043f\u043e\u043b\u044c\u0437\u0443\u0435\u043c\u044b\u0435 \u0442\u0435\u0445\u043d\u043e\u043b\u043e\u0433\u0438\u0438, \u043f\u043e\u0441\u0442\u043e\u044f\u043d\u043d\u043e\u0435 \u0443\u043b\u0443\u0447\u0448\u0435\u043d\u0438\u0435 \u043b\u044e\u0434\u0441\u043a\u0438\u0445 \u0440\u0435\u0441\u0443\u0440\u0441\u043e\u0432, \u0441\u043e\u0431\u043b\u044e\u0434\u0435\u043d\u0438\u0435 \u0441\u0440\u043e\u043a\u043e\u0432 \u043f\u043e\u0441\u0442\u0430\u0432\u043a\u0438 \u0438 \u043f\u0440\u043e\u043f\u0443\u0441\u043a\u043d\u043e\u0439 \u0441\u043f\u043e\u0441\u043e\u0431\u043d\u043e\u0441\u0442\u0438 \u0430\u0434\u0430\u043f\u0442\u0438\u0440\u043e\u0432\u0430\u0442\u044c\u0441\u044f \u043a \u0438\u0437\u043c\u0435\u043d\u0435\u043d\u0438\u044f\u043c \u043e\u043a\u0440\u0443\u0436\u0430\u044e\u0449\u0435\u0439 \u0441\u0440\u0435\u0434\u044b, \u043a \u0442\u0440\u0435\u0431\u043e\u0432\u0430\u043d\u0438\u044f\u043c \u0438 \u0437\u0430\u043f\u0440\u043e\u0441\u0430\u043c \u043a\u043b\u0438\u0435\u043d\u0442\u043e\u0432. [\/ et_font_size]<\/p><\/div><\/div><\/div><div id=\"et-step-box-922188\" class=\"et-step-box et-item\"><div class=\"et-step-box-inner et-item-inner et-clearfix\"><div class=\"et-step-content et-clearfix\"><div class=\"step-dot\"><span class=\"before\"><\/span><\/div><h3 class=\"et-step-box-title\">\u0412 \u0440\u0435\u0437\u0443\u043b\u044c\u0442\u0430\u0442\u0435<\/h3><p class=\"et-step-box-content\"><span class=\"et-font-size\" data-fontsize=\"18px\" data-lineheight=\"28px\">\u041a\u043e\u043c\u043f\u0430\u043d\u0438\u044f \u0442\u0430\u043a\u0436\u0435 \u0440\u0430\u0441\u0448\u0438\u0440\u0438\u043b\u0430 \u0441\u0432\u043e\u044e \u0434\u0435\u044f\u0442\u0435\u043b\u044c\u043d\u043e\u0441\u0442\u044c \u0432 \u043e\u0431\u043b\u0430\u0441\u0442\u0438 \u043c\u0435\u0445\u0430\u043d\u0438\u0447\u0435\u0441\u043a\u043e\u0439 \u043e\u0431\u0440\u0430\u0431\u043e\u0442\u043a\u0438, \u043d\u0430\u043f\u0440\u0430\u0432\u043b\u0435\u043d\u043d\u043e\u0439 \u043d\u0430 \u0443\u0434\u043e\u0432\u043b\u0435\u0442\u0432\u043e\u0440\u0435\u043d\u0438\u0435 \u043f\u043e\u0442\u0440\u0435\u0431\u043d\u043e\u0441\u0442\u0435\u0439 \u043a\u043b\u0438\u0435\u043d\u0442\u043e\u0432. \u0411\u043b\u0430\u0433\u043e\u0434\u0430\u0440\u044f \u043e\u0431\u0448\u0438\u0440\u043d\u043e\u043c\u0443 \u043e\u043f\u044b\u0442\u0443 \u0432 \u044d\u0442\u043e\u0439 \u043e\u0431\u043b\u0430\u0441\u0442\u0438 \u0434\u0435\u044f\u0442\u0435\u043b\u044c\u043d\u043e\u0441\u0442\u044c \u043a\u043e\u043c\u043f\u0430\u043d\u0438\u0438 \u043e\u0445\u0432\u0430\u0442\u044b\u0432\u0430\u0435\u0442 \u0431\u043e\u043b\u0435\u0435 \u0448\u0438\u0440\u043e\u043a\u0438\u0439 \u0441\u043f\u0435\u043a\u0442\u0440 \u0443\u0441\u043b\u0443\u0433: \u043e\u0442 \u043f\u0440\u043e\u0435\u043a\u0442\u0438\u0440\u043e\u0432\u0430\u043d\u0438\u044f, \u043c\u043e\u0434\u0435\u043b\u0438\u0440\u043e\u0432\u0430\u043d\u0438\u044f, CAM-\u043f\u0440\u043e\u0433\u0440\u0430\u043c\u043c\u0438\u0440\u043e\u0432\u0430\u043d\u0438\u044f \u0434\u043e \u043f\u043e\u0441\u0442\u0430\u0432\u043a\u0438 \u0433\u043e\u0442\u043e\u0432\u043e\u0433\u043e \u043f\u0440\u043e\u0434\u0443\u043a\u0442\u0430.<\/span><\/p><\/div><\/div><\/div><\/div>[\/vc_column][\/vc_row]\n<\/div>","protected":false},"excerpt":{"rendered":"<p>[vc_row gap=&#187;40&#8243; equal_height=&#187;yes&#187; content_placement=&#187;middle&#187; disable_element=&#187;yes&#187; element_id=&#187;627832&#8243; element_css=&#187;.vc-row-331899 .animated-container {background-image:url(http:\/\/www.tmf.com.ro\/wp-content\/uploads\/2019\/02\/map_transparent_dark.png);}.vc-row-331899 .top-gradient {background:linear-gradient(to bottom, #307734 0%,rgba(255,255,255,0) 100%);}.vc-row-331899 .bottom-gradient {background:linear-gradient(to top, #307734 0%,rgba(255,255,255,0) 100%);}&#187; css=&#187;.vc_custom_1576149916671{padding-top: 56px !important;padding-bottom: 96px !important;}&#187; el_id=&#187;one-page-about-us&#187;][vc_column animation_delay=&#187;0&#8243; css_animation=&#187;bottom-to-top&#187; element_id=&#187;843083&#8243; crp=&#187;480:i:i,480-768:i:i,768-1024:i:i,1024-1280:15:15,1280-1366:i:i,1366-1600:i:i,1600-1920:i:i&#187; offset=&#187;vc_col-lg-6 vc_col-md-12 vc_col-xs-12&#8243;][\/vc_column][vc_column animation_delay=&#187;150&#8243; css_animation=&#187;top-to-bottom&#187; element_id=&#187;504275&#8243; crp=&#187;480:i:i,480-768:i:i,768-1024:i:i,1024-1280:15:15,1280-1366:i:i,1366-1600:i:i,1600-1920:i:i&#187; offset=&#187;vc_col-lg-6 vc_col-md-12 vc_col-xs-12&#8243;][vc_column_text animation_delay=&#187;0&#8243;][\/vc_column_text][\/vc_column][\/vc_row][vc_row gap=&#187;40&#8243; equal_height=&#187;yes&#187; content_placement=&#187;middle&#187; element_id=&#187;895324&#8243; element_css=&#187;.vc-row-331899 .animated-container {background-image:url(http:\/\/www.tmf.com.ro\/wp-content\/uploads\/2019\/02\/map_transparent_dark.png);}.vc-row-331899 .top-gradient {background:linear-gradient(to bottom, #307734 0%,rgba(255,255,255,0) 100%);}.vc-row-331899 [&hellip;]<\/p>\n","protected":false},"author":1,"featured_media":0,"parent":0,"menu_order":0,"comment_status":"closed","ping_status":"closed","template":"page-vc.php","meta":{"footnotes":""},"class_list":["post-2513","page","type-page","status-publish","hentry"],"_links":{"self":[{"href":"http:\/\/www.tmf.com.ro\/ru\/wp-json\/wp\/v2\/pages\/2513","targetHints":{"allow":["GET"]}}],"collection":[{"href":"http:\/\/www.tmf.com.ro\/ru\/wp-json\/wp\/v2\/pages"}],"about":[{"href":"http:\/\/www.tmf.com.ro\/ru\/wp-json\/wp\/v2\/types\/page"}],"author":[{"embeddable":true,"href":"http:\/\/www.tmf.com.ro\/ru\/wp-json\/wp\/v2\/users\/1"}],"replies":[{"embeddable":true,"href":"http:\/\/www.tmf.com.ro\/ru\/wp-json\/wp\/v2\/comments?post=2513"}],"version-history":[{"count":11,"href":"http:\/\/www.tmf.com.ro\/ru\/wp-json\/wp\/v2\/pages\/2513\/revisions"}],"predecessor-version":[{"id":2897,"href":"http:\/\/www.tmf.com.ro\/ru\/wp-json\/wp\/v2\/pages\/2513\/revisions\/2897"}],"wp:attachment":[{"href":"http:\/\/www.tmf.com.ro\/ru\/wp-json\/wp\/v2\/media?parent=2513"}],"curies":[{"name":"wp","href":"https:\/\/api.w.org\/{rel}","templated":true}]}}