{"id":971,"date":"2019-12-02T14:10:15","date_gmt":"2019-12-02T14:10:15","guid":{"rendered":"http:\/\/www.tmf.com.ro\/?page_id=971"},"modified":"2019-12-16T07:16:33","modified_gmt":"2019-12-16T07:16:33","slug":"on-line-programming","status":"publish","type":"page","link":"http:\/\/www.tmf.com.ro\/ro\/inginerie\/on-line-programming\/","title":{"rendered":"On-Line Programming"},"content":{"rendered":"<div class=\"wpb-content-wrapper\">[vc_row gap=&#8221;64&#8243; element_id=&#8221;544602&#8243; css=&#8221;.vc_custom_1548940421216{padding-bottom: 96px !important;}&#8221;][vc_column animation_delay=&#8221;0&#8243; element_id=&#8221;195820&#8243; crp=&#8221;480:i:i,480-768:i:i,768-1024:i:i,1024-1280:i:i,1280-1366:i:i,1366-1600:i:i,1600-1920:i:i&#8221; offset=&#8221;vc_col-lg-4 vc_col-md-5 vc_col-xs-12&#8243;][vc_wp_custommenu nav_menu=&#8221;43&#8243;][\/vc_column][vc_column animation_delay=&#8221;0&#8243; element_id=&#8221;21206&#8243; crp=&#8221;480:i:i,480-768:i:i,768-1024:i:i,1024-1280:i:i,1280-1366:i:i,1366-1600:i:i,1600-1920:i:i&#8221; offset=&#8221;vc_col-lg-8 vc_col-md-7 vc_col-xs-12&#8243;][vc_column_text animation_delay=&#8221;0&#8243;]<span class=\"et-font-size\" data-fontsize=\"20px\" data-lineheight=\"32px\">TMF srl se ocup\u0103 \u0219i de programarea robo\u021bilor industriali.<\/p>\n<p>Tehnicienii nostri sunt \u00een m\u0103sur\u0103 s\u0103 furnizeze cuno\u0219tin\u021bele lor pentru programarea real\u0103 a robo\u021bilor principalilor produc\u0103tori, direct \u00een \u0219antier sau pornind de la o lucrare efectuat\u0103 cu OLP.<\/p>\n<p>\u00cen afar\u0103 de a face robotul dumneavoastr\u0103 sa efectueze opera\u021bia solicitat\u0103, cu programarea online, se poate efectua calibrarea corect\u0103 a robo\u021bilor \u0219i echipamentelor, verificarea func\u021bion\u0103rii corecte a procesului, utilizarea simultan\u0103 \u0219i imediat\u0103, direct \u00een \u0219antier, ale software-lor \u0219i controlerelor specifice.<\/span>[\/vc_column_text]<span class=\"et-gap et-clearfix et-gap-803736\"><\/span>[vc_column_text animation_delay=&#8221;0&#8243;]\n<ul>\n<li>Capacitate lunara 1000 ore<\/li>\n<\/ul>\n[\/vc_column_text]<span class=\"et-gap et-clearfix et-gap-803736\"><\/span>[vc_column_text animation_delay=&#8221;0&#8243;]<iframe src=\"https:\/\/www.youtube-nocookie.com\/embed\/TKlsevEKJIg\" width=\"780\" height=\"580\" frameborder=\"0\" allowfullscreen=\"allowfullscreen\"><\/iframe>[\/vc_column_text][\/vc_column][\/vc_row]\n<\/div>","protected":false},"excerpt":{"rendered":"<p>[vc_row gap=&#8221;64&#8243; element_id=&#8221;544602&#8243; css=&#8221;.vc_custom_1548940421216{padding-bottom: 96px !important;}&#8221;][vc_column animation_delay=&#8221;0&#8243; element_id=&#8221;195820&#8243; crp=&#8221;480:i:i,480-768:i:i,768-1024:i:i,1024-1280:i:i,1280-1366:i:i,1366-1600:i:i,1600-1920:i:i&#8221; offset=&#8221;vc_col-lg-4 vc_col-md-5 vc_col-xs-12&#8243;][vc_wp_custommenu nav_menu=&#8221;43&#8243;][\/vc_column][vc_column animation_delay=&#8221;0&#8243; element_id=&#8221;21206&#8243; crp=&#8221;480:i:i,480-768:i:i,768-1024:i:i,1024-1280:i:i,1280-1366:i:i,1366-1600:i:i,1600-1920:i:i&#8221; offset=&#8221;vc_col-lg-8 vc_col-md-7 vc_col-xs-12&#8243;][vc_column_text animation_delay=&#8221;0&#8243;][\/vc_column_text][vc_column_text animation_delay=&#8221;0&#8243;] Capacitate lunara 1000 ore [\/vc_column_text][vc_column_text animation_delay=&#8221;0&#8243;][\/vc_column_text][\/vc_column][\/vc_row]<\/p>\n","protected":false},"author":1,"featured_media":0,"parent":944,"menu_order":0,"comment_status":"closed","ping_status":"closed","template":"page-vc.php","meta":{"footnotes":""},"class_list":["post-971","page","type-page","status-publish","hentry"],"_links":{"self":[{"href":"http:\/\/www.tmf.com.ro\/ro\/wp-json\/wp\/v2\/pages\/971","targetHints":{"allow":["GET"]}}],"collection":[{"href":"http:\/\/www.tmf.com.ro\/ro\/wp-json\/wp\/v2\/pages"}],"about":[{"href":"http:\/\/www.tmf.com.ro\/ro\/wp-json\/wp\/v2\/types\/page"}],"author":[{"embeddable":true,"href":"http:\/\/www.tmf.com.ro\/ro\/wp-json\/wp\/v2\/users\/1"}],"replies":[{"embeddable":true,"href":"http:\/\/www.tmf.com.ro\/ro\/wp-json\/wp\/v2\/comments?post=971"}],"version-history":[{"count":0,"href":"http:\/\/www.tmf.com.ro\/ro\/wp-json\/wp\/v2\/pages\/971\/revisions"}],"up":[{"embeddable":true,"href":"http:\/\/www.tmf.com.ro\/ro\/wp-json\/wp\/v2\/pages\/944"}],"wp:attachment":[{"href":"http:\/\/www.tmf.com.ro\/ro\/wp-json\/wp\/v2\/media?parent=971"}],"curies":[{"name":"wp","href":"https:\/\/api.w.org\/{rel}","templated":true}]}}