{"id":944,"date":"2019-12-02T14:05:34","date_gmt":"2019-12-02T14:05:34","guid":{"rendered":"http:\/\/www.tmf.com.ro\/?page_id=944"},"modified":"2019-12-16T07:00:30","modified_gmt":"2019-12-16T07:00:30","slug":"inginerie","status":"publish","type":"page","link":"http:\/\/www.tmf.com.ro\/ro\/inginerie\/","title":{"rendered":"Inginerie"},"content":{"rendered":"<div class=\"wpb-content-wrapper\">[vc_row gap=&#8221;64&#8243; element_id=&#8221;544602&#8243; css=&#8221;.vc_custom_1548940421216{padding-bottom: 96px !important;}&#8221;][vc_column animation_delay=&#8221;0&#8243; element_id=&#8221;195820&#8243; crp=&#8221;480:i:i,480-768:i:i,768-1024:i:i,1024-1280:i:i,1280-1366:i:i,1366-1600:i:i,1600-1920:i:i&#8221; offset=&#8221;vc_col-lg-4 vc_col-md-5 vc_col-xs-12&#8243;][vc_wp_custommenu nav_menu=&#8221;43&#8243;][\/vc_column][vc_column animation_delay=&#8221;0&#8243; element_id=&#8221;21206&#8243; crp=&#8221;480:i:i,480-768:i:i,768-1024:i:i,1024-1280:i:i,1280-1366:i:i,1366-1600:i:i,1600-1920:i:i&#8221; offset=&#8221;vc_col-lg-8 vc_col-md-7 vc_col-xs-12&#8243;]<span class=\"et-gap et-clearfix et-gap-70441\"><\/span><div id=\"et-icon-box-container-841832\" class=\"column-2 et-icon-box-container et-item-set effect-none animation-type-sequential top no-border\"><div id=\"et-icon-box-870492\" class=\"et-icon-box et-item icon-position-left icon-alignment-left hover-none\" data-parallax=\"false\" data-move=\"false\" data-coordinatex=\"0\" data-coordinatey=\"0\" data-speed=\"10\"><div class=\"et-icon-box-inner et-item-inner et-clearfix\"><div class=\"et-icon border-radius-large full small\"><span class=\"el-icon fas fa-angle-right\"><\/span><\/div><div class=\"et-icon-content et-clearfix\"><h4 class=\"et-icon-box-title\">Proiectare<\/h4><p class=\"et-icon-box-content\"><span class=\"et-font-size\" data-fontsize=\"18px\" data-lineheight=\"28px\"><span style=\"font-weight: 600; text-align: justify; display: block;\">\u00cenc\u0103 de la primele informa\u021bii primite, echipa noastr\u0103 este capabil\u0103 s\u0103 dezvolte rapid piesele \u0219i echipamentele cu ajutorul software-lui 3D CAD necesar.<\/span><\/span><\/p><\/div><\/div><\/div><div id=\"et-icon-box-382622\" class=\"et-icon-box et-item icon-position-left icon-alignment-left hover-none\" data-parallax=\"false\" data-move=\"false\" data-coordinatex=\"0\" data-coordinatey=\"0\" data-speed=\"10\"><div class=\"et-icon-box-inner et-item-inner et-clearfix\"><div class=\"et-icon border-radius-large full small\"><span class=\"el-icon fas fa-angle-right\"><\/span><\/div><div class=\"et-icon-content et-clearfix\"><h4 class=\"et-icon-box-title\">Simulare<\/h4><p class=\"et-icon-box-content\"><span class=\"et-font-size\" data-fontsize=\"18px\" data-lineheight=\"28px\"><span style=\"font-weight: 600; text-align: justify; display: block;\">Simularea este unul dintre cele mai importante domenii \u00een care suntem implica\u021bi.<\/span><\/span><\/p><\/div><\/div><\/div><div id=\"et-icon-box-588819\" class=\"et-icon-box et-item icon-position-left icon-alignment-left hover-none\" data-parallax=\"false\" data-move=\"false\" data-coordinatex=\"0\" data-coordinatey=\"0\" data-speed=\"10\"><div class=\"et-icon-box-inner et-item-inner et-clearfix\"><div class=\"et-icon border-radius-large full small\"><span class=\"el-icon fas fa-angle-right\"><\/span><\/div><div class=\"et-icon-content et-clearfix\"><h4 class=\"et-icon-box-title\">Off-Line Programming<\/h4><p class=\"et-icon-box-content\"><span class=\"et-font-size\" data-fontsize=\"18px\" data-lineheight=\"28px\"><span style=\"font-weight: 600; text-align: justify; display: block;\">Programele generate pot fi desc\u0103rcate direct \u00een controlerul robotului \u0219i testate.<\/span><\/span><\/p><\/div><\/div><\/div><div id=\"et-icon-box-334297\" class=\"et-icon-box et-item icon-position-left icon-alignment-left hover-none\" data-parallax=\"false\" data-move=\"false\" data-coordinatex=\"0\" data-coordinatey=\"0\" data-speed=\"10\"><div class=\"et-icon-box-inner et-item-inner et-clearfix\"><div class=\"et-icon border-radius-large full small\"><span class=\"el-icon fas fa-angle-right\"><\/span><\/div><div class=\"et-icon-content et-clearfix\"><h4 class=\"et-icon-box-title\">On-Line Programming<\/h4><p class=\"et-icon-box-content\"><span class=\"et-font-size\" data-fontsize=\"18px\" data-lineheight=\"28px\"><span style=\"font-weight: 600; text-align: justify; display: block;\">TMF S.R.L. se ocup\u0103 \u0219i de programarea robo\u021bilor industriali.<\/span><\/span><\/p><\/div><\/div><\/div><\/div><span class=\"et-gap et-clearfix et-gap-918762\"><\/span>[\/vc_column][\/vc_row]\n<\/div>","protected":false},"excerpt":{"rendered":"<p>[vc_row gap=&#8221;64&#8243; element_id=&#8221;544602&#8243; css=&#8221;.vc_custom_1548940421216{padding-bottom: 96px !important;}&#8221;][vc_column animation_delay=&#8221;0&#8243; element_id=&#8221;195820&#8243; crp=&#8221;480:i:i,480-768:i:i,768-1024:i:i,1024-1280:i:i,1280-1366:i:i,1366-1600:i:i,1600-1920:i:i&#8221; offset=&#8221;vc_col-lg-4 vc_col-md-5 vc_col-xs-12&#8243;][vc_wp_custommenu nav_menu=&#8221;43&#8243;][\/vc_column][vc_column animation_delay=&#8221;0&#8243; element_id=&#8221;21206&#8243; crp=&#8221;480:i:i,480-768:i:i,768-1024:i:i,1024-1280:i:i,1280-1366:i:i,1366-1600:i:i,1600-1920:i:i&#8221; offset=&#8221;vc_col-lg-8 vc_col-md-7 vc_col-xs-12&#8243;][\/vc_column][\/vc_row]<\/p>\n","protected":false},"author":1,"featured_media":0,"parent":0,"menu_order":0,"comment_status":"closed","ping_status":"closed","template":"page-vc.php","meta":{"footnotes":""},"class_list":["post-944","page","type-page","status-publish","hentry"],"_links":{"self":[{"href":"http:\/\/www.tmf.com.ro\/ro\/wp-json\/wp\/v2\/pages\/944","targetHints":{"allow":["GET"]}}],"collection":[{"href":"http:\/\/www.tmf.com.ro\/ro\/wp-json\/wp\/v2\/pages"}],"about":[{"href":"http:\/\/www.tmf.com.ro\/ro\/wp-json\/wp\/v2\/types\/page"}],"author":[{"embeddable":true,"href":"http:\/\/www.tmf.com.ro\/ro\/wp-json\/wp\/v2\/users\/1"}],"replies":[{"embeddable":true,"href":"http:\/\/www.tmf.com.ro\/ro\/wp-json\/wp\/v2\/comments?post=944"}],"version-history":[{"count":0,"href":"http:\/\/www.tmf.com.ro\/ro\/wp-json\/wp\/v2\/pages\/944\/revisions"}],"wp:attachment":[{"href":"http:\/\/www.tmf.com.ro\/ro\/wp-json\/wp\/v2\/media?parent=944"}],"curies":[{"name":"wp","href":"https:\/\/api.w.org\/{rel}","templated":true}]}}