{"id":3,"date":"2019-11-18T08:19:49","date_gmt":"2019-11-18T08:19:49","guid":{"rendered":"http:\/\/www.tmf.com.ro\/?page_id=3"},"modified":"2020-01-03T09:59:17","modified_gmt":"2020-01-03T09:59:17","slug":"politica-de-confidentialitate","status":"publish","type":"page","link":"http:\/\/www.tmf.com.ro\/ro\/politica-de-confidentialitate\/","title":{"rendered":"Politica de confiden\u021bialitate"},"content":{"rendered":"<div class=\"wpb-content-wrapper\">[vc_row element_id=&#8221;459884&#8243; css=&#8221;.vc_custom_1578045556503{padding-top: 0px !important;}&#8221;][vc_column][vc_column_text animation_delay=&#8221;0&#8243;]\n<p><strong>Protec\u021bia datelor dumneavoastr\u0103 personale este important\u0103 pentru noi.<\/strong> Suntem \u00eenc\u00e2nta\u021bi de faptul c\u0103 sunte\u021bi interesat(\u0103) de firma \u0219i serviciile noastre \u0219i dorim s\u0103 v\u0103 sim\u021bi\u021bi \u00een siguran\u021b\u0103 \u00een aspectele ce \u021bin de protec\u021bia datelor dumneavoastr\u0103 personale atunci c\u00e2nd vizita\u021bi pagina noastr\u0103 de internet. Dorim s\u0103 fi\u021bi informat(\u0103) atunci c\u00e2nd v\u0103 colect\u0103m datele personale \u0219i cu privire la modul \u00een care le utiliz\u0103m. Am implementat anumite m\u0103suri tehnice \u0219i organiza\u021bionale pentru a ne asigura c\u0103 prevederile privind protec\u021bia datelor sunt respectate.<\/p>\n<h4>Informa\u021bii personale<\/h4>\n<p>Informa\u021biile personale se refer\u0103 la identitatea dumneavoastr\u0103. Aceste detalii includ, de exemplu, informa\u021bii ca numele \u0219i adresa dumneavoastr\u0103 de e-mail. Nu sunte\u021bi nevoit(\u0103) s\u0103 dezv\u0103lui\u021bi niciuna dintre informa\u021biile dumneavoastr\u0103 personale atunci c\u00e2nd ne vizita\u021bi pagina de internet.\u00cen anumite cazuri, \u00eens\u0103, v\u0103 vom solicita numele \u0219i adresa de e-mail, precum \u0219i alte informa\u021bii necesare, pentru a ne permite s\u0103 v\u0103 furniz\u0103m serviciile dorite. V\u0103 vom atrage aten\u021bia asupra unor astfel de cerin\u021be ori de c\u00e2te ori va fi necesar. Dincolo de cele precizate mai sus, vom stoca \u0219i procesa doar acele date pe care ni le-a\u021bi oferit \u00een mod voluntar \u0219i datele \u00eenregistrate \u00een mod automat atunci c\u00e2nd ne vizita\u021bi pagina web (ca de ex. adresa de IP \u0219i denumirea paginilor pe care le-a\u021bi vizualizat, browserul folosit de dumneavoastr\u0103, sistemul de operare al calculatorului dumneavoastr\u0103, data \u0219i ora acces\u0103rii paginilor, motoarele de c\u0103utare folosite, denumirile fi\u0219ierelor desc\u0103rcate). \u00cen m\u0103sura \u00een care utiliza\u021bi diverse prest\u0103ri de servicii, doar acele date de care avem nevoie pentru a v\u0103 pune la dispozi\u021bie respectivele prest\u0103ri vor fi \u00eenregistrate. Datele personale vor fi procesate doar pentru a \u00eendeplini serviciul dorit \u0219i pentru a ne proteja propriile interese comerciale justificate.<\/p>\n<h4><strong>Scopul inten\u021bionat al solicit\u0103rii datelor personale<\/strong><\/h4>\n<p>\u00cen general folosim datele personale pe care ni le oferi\u021bi pentru a v\u0103 r\u0103spunde la diverse solicit\u0103ri \u0219i pentru a v\u0103 oferi acces la anumite informa\u021bii specifice.<\/p>\n<h4><strong>Utilizarea datelor personale pentru anumite scopuri specifice<\/strong><\/h4>\n<p>Vom \u00eenregistra, procesa \u0219i utiliza informa\u021biile personale pe care ni le-a\u021bi oferit on-line doar pentru scopurile indicate de dumneavoastr\u0103. Informa\u021biile dumneavoastr\u0103 personale nu vor fi redirec\u021bionate c\u0103tre ter\u021be persoane f\u0103r\u0103 acordul dumneavoastr\u0103 expres. Informa\u021biile dumneavoastr\u0103 personale vor fi \u00eenregistrate \u0219i redirec\u021bionate c\u0103tre diverse institu\u021bii \u0219i autorit\u0103\u021bi guvernamentale doar pentru concordan\u021ba cu diferitele legi relevante, sau \u00een eventualitatea \u00een care s-a decretat un ordin al tribunalului \u00een acest sens. Personalul \u0219i angaja\u021bii no\u0219tri sunt obliga\u021bi s\u0103 p\u0103streze confiden\u021bialitatea \u0219i s\u0103 ia la cuno\u0219tin\u021b\u0103 prevederile stabilite \u00een cadrul Legii privind protec\u021bia datelor personale.<\/p>\n<h4><strong>Informa\u021biile \u00eenregistrate \u00een mod automat pe durata vizitelor pe pagina noastr\u0103 web<\/strong><\/h4>\n<p>Din motive organiza\u021bionale \u0219i tehnice, urm\u0103toarele date vor fi stocate pe durata folosirii paginii noastre de internet: denumirile paginilor pe care le-a\u021bi vizualizat, denumirea browser-ului \u0219i al sistemului de operare pe care l-a\u021bi folosit, data \u0219i ora la care a\u021bi accesat pagina noastr\u0103 web, motoarele de c\u0103utare pe care le-a\u021bi folosit, denumirile fi\u0219ierelor desc\u0103rcate \u0219i adresa dvs. de IP. Vom procesa astfel de date \u00eentr-un mod anonim \u0219i doar pentru scopuri statistice, menite s\u0103 contribuie la optimizarea continu\u0103 pe viitor a prezen\u021bei noastre pe internet. Astfel de date vor fi stocate \u00een mod separat de celelalte informa\u021bii referitoare la datele dumneavoastr\u0103 personale, \u00een cadrul unor sisteme securizate. Nu se vor trage concluzii despre indivizi.<\/p>\n[\/vc_column_text][\/vc_column][\/vc_row]\n<\/div>","protected":false},"excerpt":{"rendered":"<p>[vc_row element_id=&#8221;459884&#8243; css=&#8221;.vc_custom_1578045556503{padding-top: 0px !important;}&#8221;][vc_column][vc_column_text animation_delay=&#8221;0&#8243;] Protec\u021bia datelor dumneavoastr\u0103 personale este important\u0103 pentru noi. Suntem \u00eenc\u00e2nta\u021bi de faptul c\u0103 sunte\u021bi interesat(\u0103) de firma \u0219i serviciile noastre \u0219i dorim s\u0103 v\u0103 sim\u021bi\u021bi \u00een siguran\u021b\u0103 \u00een aspectele ce \u021bin de protec\u021bia datelor dumneavoastr\u0103 personale atunci c\u00e2nd vizita\u021bi pagina noastr\u0103 de internet. Dorim s\u0103 fi\u021bi informat(\u0103) atunci c\u00e2nd [&hellip;]<\/p>\n","protected":false},"author":1,"featured_media":0,"parent":0,"menu_order":0,"comment_status":"closed","ping_status":"open","template":"","meta":{"footnotes":""},"class_list":["post-3","page","type-page","status-publish","hentry"],"_links":{"self":[{"href":"http:\/\/www.tmf.com.ro\/ro\/wp-json\/wp\/v2\/pages\/3","targetHints":{"allow":["GET"]}}],"collection":[{"href":"http:\/\/www.tmf.com.ro\/ro\/wp-json\/wp\/v2\/pages"}],"about":[{"href":"http:\/\/www.tmf.com.ro\/ro\/wp-json\/wp\/v2\/types\/page"}],"author":[{"embeddable":true,"href":"http:\/\/www.tmf.com.ro\/ro\/wp-json\/wp\/v2\/users\/1"}],"replies":[{"embeddable":true,"href":"http:\/\/www.tmf.com.ro\/ro\/wp-json\/wp\/v2\/comments?post=3"}],"version-history":[{"count":4,"href":"http:\/\/www.tmf.com.ro\/ro\/wp-json\/wp\/v2\/pages\/3\/revisions"}],"predecessor-version":[{"id":2170,"href":"http:\/\/www.tmf.com.ro\/ro\/wp-json\/wp\/v2\/pages\/3\/revisions\/2170"}],"wp:attachment":[{"href":"http:\/\/www.tmf.com.ro\/ro\/wp-json\/wp\/v2\/media?parent=3"}],"curies":[{"name":"wp","href":"https:\/\/api.w.org\/{rel}","templated":true}]}}