{"id":2458,"date":"2019-12-09T13:08:18","date_gmt":"2019-12-09T13:08:18","guid":{"rendered":"http:\/\/www.tmf.com.ro\/?page_id=2458"},"modified":"2020-01-20T13:50:31","modified_gmt":"2020-01-20T13:50:31","slug":"qualita","status":"publish","type":"page","link":"http:\/\/www.tmf.com.ro\/it\/qualita\/","title":{"rendered":"Qualit\u00e0"},"content":{"rendered":"<div class=\"wpb-content-wrapper\">[vc_row gap=&#8221;16&#8243; element_id=&#8221;359767&#8243;][vc_column animation_delay=&#8221;0&#8243; width=&#8221;3\/4&#8243; element_id=&#8221;711771&#8243; offset=&#8221;vc_col-xs-12&#8243; crp=&#8221;480:i:i,480-768:i:i,768-1024:i:i,1024-1280:i:i,1280-1366:i:i,1366-1600:i:i,1600-1920:i:i&#8221;]<h1 class=\"et-heading text-align-left tablet-text-align-inherit mobile-text-align-inherit animate-false no-animation-type\" id=\"et-heading-568956\" data-delay=\"0\" data-mobile-font=\"inherit\" data-mobile-line-height=\"inherit\" data-tablet-landscape-font=\"inherit\" data-tablet-portrait-font=\"inherit\" data-tablet-landscape-line-height=\"inherit\" data-tablet-portrait-line-height=\"inherit\" data-parallax=\"false\" data-move=\"false\" data-coordinatex=\"0\" data-coordinatey=\"0\" data-speed=\"10\"><span class=\"text-wrapper\"><span class=\"text\">POLITICA SULLA QUALITA\u2019<\/span><\/span><\/h1><span class=\"et-gap et-clearfix et-gap-780692\"><\/span>[vc_column_text animation_delay=&#8221;0&#8243;]L\u2019obiettivo maggiore della politica sulla qualit\u00e0 consiste nel raggiungere lo scopo dell\u2019organizzazione, soddisfacendo i requisiti previsti per far migliorare continuamente l\u2019efficacia del sistema di gestione della qualit\u00e0, favoreggiando anche l\u2019aumento costante della redditivit\u00e0 dell\u2019organizzazione.<\/p>\n<p>Con la Politica sulla qualit\u00e0, con il miglioramento del servizio di progettazione, la simulazione degli equipaggiamenti meccanici e di programmazione robotica, la qualit\u00e0 delle attrezzature meccaniche fabbricate, nonch\u00e9 con il miglioramento del sistema di gestione della qualit\u00e0, la S.C. TMF S.R.L si propone di raggiungere i seguenti obiettivi:<\/p>\n<ul>\n<li><strong>Mantenere ed aumentare il grado di soddisfacimento del cliente,<\/strong>, agente per soddisfare i requisiti dei clienti per ci\u00f2 che riguarda i servizi\/ prodotti sollecitati,<\/li>\n<li><strong>Mantenere ed aumentare la redditivit\u00e0 economica,<\/strong> realizzando dei servizi\/ prodotti di qualit\u00e0, in condizioni di efficienza,<\/li>\n<li><strong>Studi di mercato permanenti, con l\u2019estensione del portafoglio di clienti e la fidelizzazione dei rapporti bilaterali,<\/strong><\/li>\n<li><strong>Miglioramento continuo in termini di efficacia del sistema di gestione della qualit\u00e0,<\/strong> adoperando metodi idonei di guida ei controllo del sistema,,<\/li>\n<li><strong>Adeguamento alla normativa nel settore della qualit\u00e0, nonch\u00e9 ad altri requisiti<\/strong> applicabili sulle attivit\u00e0 dell\u2019organizzazione,<\/li>\n<li><strong>Ottimizzazione dei processi,<\/strong> mettendo in attuazione un sistema di gestione della qualit\u00e0 efficace ed in costante miglioramento,<\/li>\n<li><strong>Addestramento dei dipendenti<\/strong> nel capire la Politica sulla qualit\u00e0, gli Obiettivi dell\u2019organizzazione e le previsioni del sistema di gestione della qualit\u00e0 applicabili nel loro campo di attivit\u00e0.<\/li>\n<\/ul>\n<p>Il sottoscritto, Direttore generale, dichiara che i suddetti obiettivi saranno raggiunti mettendo in atto e mantenendo un sistema di gestione della qualit\u00e0 ben efficace, secondo la SR EN ISO 9001:2015, garantendo anche il suo miglioramento continuo.<\/p>\n<p>Direttore generale [\/vc_column_text][\/vc_column][vc_column animation_delay=&#8221;0&#8243; width=&#8221;1\/4&#8243; element_id=&#8221;326804&#8243; offset=&#8221;vc_col-xs-12&#8243; crp=&#8221;480:i:i,480-768:i:i,768-1024:i:i,1024-1280:i:i,1280-1366:i:i,1366-1600:i:i,1600-1920:i:i&#8221; css=&#8221;.vc_custom_1575898130883{padding-top: 20px !important;}&#8221;][vc_single_image image=&#8221;1917&#8243; img_size=&#8221;full&#8221; alignment=&#8221;center&#8221; onclick=&#8221;custom_link&#8221; img_link_target=&#8221;_blank&#8221; css_animation=&#8221;fadeInDown&#8221; link=&#8221;http:\/\/www.tmf.com.ro\/wp-content\/uploads\/2019\/02\/Certificat_IT.pdf&#8221;][vc_column_text animation_delay=&#8221;0&#8243;]\n<p style=\"text-align: center; font-size: 12px;\"><a style=\"color: #00803e;\" href=\"http:\/\/www.tmf.com.ro\/wp-content\/uploads\/2019\/02\/Certificat_IT.pdf\" target=\"_blank\" rel=\"noopener noreferrer\">Download certificate<\/a><\/p>\n[\/vc_column_text][\/vc_column][\/vc_row]\n<\/div>","protected":false},"excerpt":{"rendered":"<p>[vc_row gap=&#8221;16&#8243; element_id=&#8221;359767&#8243;][vc_column animation_delay=&#8221;0&#8243; width=&#8221;3\/4&#8243; element_id=&#8221;711771&#8243; offset=&#8221;vc_col-xs-12&#8243; crp=&#8221;480:i:i,480-768:i:i,768-1024:i:i,1024-1280:i:i,1280-1366:i:i,1366-1600:i:i,1600-1920:i:i&#8221;][vc_column_text animation_delay=&#8221;0&#8243;]L\u2019obiettivo maggiore della politica sulla qualit\u00e0 consiste nel raggiungere lo scopo dell\u2019organizzazione, soddisfacendo i requisiti previsti per far migliorare continuamente l\u2019efficacia del sistema di gestione della qualit\u00e0, favoreggiando anche l\u2019aumento costante della redditivit\u00e0 dell\u2019organizzazione. Con la Politica sulla qualit\u00e0, con il miglioramento del servizio di progettazione, la [&hellip;]<\/p>\n","protected":false},"author":1,"featured_media":0,"parent":0,"menu_order":0,"comment_status":"closed","ping_status":"closed","template":"","meta":{"footnotes":""},"class_list":["post-2458","page","type-page","status-publish","hentry"],"_links":{"self":[{"href":"http:\/\/www.tmf.com.ro\/it\/wp-json\/wp\/v2\/pages\/2458","targetHints":{"allow":["GET"]}}],"collection":[{"href":"http:\/\/www.tmf.com.ro\/it\/wp-json\/wp\/v2\/pages"}],"about":[{"href":"http:\/\/www.tmf.com.ro\/it\/wp-json\/wp\/v2\/types\/page"}],"author":[{"embeddable":true,"href":"http:\/\/www.tmf.com.ro\/it\/wp-json\/wp\/v2\/users\/1"}],"replies":[{"embeddable":true,"href":"http:\/\/www.tmf.com.ro\/it\/wp-json\/wp\/v2\/comments?post=2458"}],"version-history":[{"count":4,"href":"http:\/\/www.tmf.com.ro\/it\/wp-json\/wp\/v2\/pages\/2458\/revisions"}],"predecessor-version":[{"id":2696,"href":"http:\/\/www.tmf.com.ro\/it\/wp-json\/wp\/v2\/pages\/2458\/revisions\/2696"}],"wp:attachment":[{"href":"http:\/\/www.tmf.com.ro\/it\/wp-json\/wp\/v2\/media?parent=2458"}],"curies":[{"name":"wp","href":"https:\/\/api.w.org\/{rel}","templated":true}]}}