{"id":1159,"date":"2019-02-20T08:27:39","date_gmt":"2019-02-20T08:27:39","guid":{"rendered":"http:\/\/www.tmf.com.ro\/companie\/"},"modified":"2025-10-08T14:24:50","modified_gmt":"2025-10-08T14:24:50","slug":"azienda","status":"publish","type":"page","link":"http:\/\/www.tmf.com.ro\/it\/azienda\/","title":{"rendered":"Azienda"},"content":{"rendered":"<div class=\"wpb-content-wrapper\">[vc_row gap=&#8221;40&#8243; equal_height=&#8221;yes&#8221; content_placement=&#8221;middle&#8221; disable_element=&#8221;yes&#8221; element_id=&#8221;627832&#8243; element_css=&#8221;.vc-row-331899 .animated-container {background-image:url(http:\/\/www.tmf.com.ro\/wp-content\/uploads\/2019\/02\/map_transparent_dark.png);}.vc-row-331899 .top-gradient {background:linear-gradient(to bottom, #307734 0%,rgba(255,255,255,0) 100%);}.vc-row-331899 .bottom-gradient {background:linear-gradient(to top, #307734 0%,rgba(255,255,255,0) 100%);}&#8221; css=&#8221;.vc_custom_1576149916671{padding-top: 56px !important;padding-bottom: 96px !important;}&#8221; el_id=&#8221;one-page-about-us&#8221;][vc_column animation_delay=&#8221;0&#8243; css_animation=&#8221;bottom-to-top&#8221; element_id=&#8221;843083&#8243; crp=&#8221;480:i:i,480-768:i:i,768-1024:i:i,1024-1280:15:15,1280-1366:i:i,1366-1600:i:i,1600-1920:i:i&#8221; offset=&#8221;vc_col-lg-6 vc_col-md-12 vc_col-xs-12&#8243;]<div id=\"et-video-1\" class=\"et-video\"><a class=\"modal-video-poster video-modal\" href=\"https:\/\/www.youtube.com\/watch?v=roertNcQTHY\" rel=\"nofollow noopener\" target=\"_blank\"><img decoding=\"async\" alt=\"Video poster\" src=\"http:\/\/www.tmf.com.ro\/wp-content\/uploads\/2019\/02\/video.jpg\" title=\"\"><\/a><\/div><span class=\"et-gap et-clearfix et-gap-890689 hide1280\"><\/span>[\/vc_column][vc_column animation_delay=&#8221;150&#8243; css_animation=&#8221;top-to-bottom&#8221; element_id=&#8221;504275&#8243; crp=&#8221;480:i:i,480-768:i:i,768-1024:i:i,1024-1280:15:15,1280-1366:i:i,1366-1600:i:i,1600-1920:i:i&#8221; offset=&#8221;vc_col-lg-6 vc_col-md-12 vc_col-xs-12&#8243;]<h3 class=\"et-heading text-align-left tablet-text-align-inherit mobile-text-align-inherit animate-false no-animation-type\" id=\"et-heading-917326\" data-delay=\"0\" data-mobile-font=\"56px\" data-mobile-line-height=\"56px\" data-tablet-landscape-font=\"inherit\" data-tablet-portrait-font=\"inherit\" data-tablet-landscape-line-height=\"inherit\" data-tablet-portrait-line-height=\"inherit\" data-parallax=\"false\" data-move=\"false\" data-coordinatex=\"0\" data-coordinatey=\"0\" data-speed=\"10\"><span class=\"text-wrapper\"><span class=\"text\">Cine suntem?<\/span><\/span><\/h3><span class=\"et-gap et-clearfix et-gap-763853\"><\/span><p class=\"et-heading text-align-left tablet-text-align-inherit mobile-text-align-inherit animate-false no-animation-type\" id=\"et-heading-418642\" data-delay=\"0\" data-mobile-font=\"inherit\" data-mobile-line-height=\"inherit\" data-tablet-landscape-font=\"inherit\" data-tablet-portrait-font=\"inherit\" data-tablet-landscape-line-height=\"inherit\" data-tablet-portrait-line-height=\"inherit\" data-parallax=\"false\" data-move=\"false\" data-coordinatex=\"0\" data-coordinatey=\"0\" data-speed=\"10\"><span class=\"text-wrapper\"><span class=\"text\">TMF S.R.L. este o companie cu \u00eenalt\u0103 calificare profesional\u0103 \u0219i cu o bogat\u0103 experien\u021b\u0103 \u00een proiectare mecanic\u0103 \u0219i simulare de robo\u021bi.<\/span><\/span><\/p>[vc_column_text animation_delay=&#8221;0&#8243;]<span class=\"et-font-size\" data-fontsize=\"24px\" data-lineheight=\"28px\">\n<span style=\"color: #000000;\">Datorit\u0103 colabor\u0103rilor continue cu o serie de clien\u021bi importan\u021bi din segmentul auto, compania noastr\u0103 este \u00een permanen\u021b\u0103 \u00een c\u0103utare de solu\u021bii tehnice noi \u0219i originale pentru a ob\u021bine un produs finit de \u00eenalt\u0103 calitate.<\/span><br \/>\n<\/span>[\/vc_column_text]<span class=\"et-gap et-clearfix et-gap-138704\"><\/span>[\/vc_column][\/vc_row][vc_row gap=&#8221;40&#8243; equal_height=&#8221;yes&#8221; content_placement=&#8221;middle&#8221; element_id=&#8221;895324&#8243; element_css=&#8221;.vc-row-331899 .animated-container {background-image:url(http:\/\/www.tmf.com.ro\/wp-content\/uploads\/2019\/02\/map_transparent_dark.png);}.vc-row-331899 .top-gradient {background:linear-gradient(to bottom, #307734 0%,rgba(255,255,255,0) 100%);}.vc-row-331899 .bottom-gradient {background:linear-gradient(to top, #307734 0%,rgba(255,255,255,0) 100%);}&#8221; css=&#8221;.vc_custom_1548927301070{padding-top: 56px !important;padding-bottom: 96px !important;}&#8221;][vc_column animation_delay=&#8221;0&#8243; css_animation=&#8221;bottom-to-top&#8221; element_id=&#8221;843083&#8243; crp=&#8221;480:i:i,480-768:i:i,768-1024:i:i,1024-1280:15:15,1280-1366:i:i,1366-1600:i:i,1600-1920:i:i&#8221; offset=&#8221;vc_col-lg-6 vc_col-md-12 vc_col-xs-12&#8243;][vc_video link=&#8221;https:\/\/www.youtube.com\/watch?v=kvWOodnk408&#8243;]<span class=\"et-gap et-clearfix et-gap-890689 hide1280\"><\/span>[\/vc_column][vc_column animation_delay=&#8221;150&#8243; css_animation=&#8221;top-to-bottom&#8221; element_id=&#8221;504275&#8243; crp=&#8221;480:i:i,480-768:i:i,768-1024:i:i,1024-1280:15:15,1280-1366:i:i,1366-1600:i:i,1600-1920:i:i&#8221; offset=&#8221;vc_col-lg-6 vc_col-md-12 vc_col-xs-12&#8243;]<h3 class=\"et-heading text-align-left tablet-text-align-inherit mobile-text-align-inherit animate-false no-animation-type\" id=\"et-heading-148306\" data-delay=\"0\" data-mobile-font=\"56px\" data-mobile-line-height=\"56px\" data-tablet-landscape-font=\"inherit\" data-tablet-portrait-font=\"inherit\" data-tablet-landscape-line-height=\"inherit\" data-tablet-portrait-line-height=\"inherit\" data-parallax=\"false\" data-move=\"false\" data-coordinatex=\"0\" data-coordinatey=\"0\" data-speed=\"10\"><span class=\"text-wrapper\"><span class=\"text\">Chi siamo noi?<\/span><\/span><\/h3><span class=\"et-gap et-clearfix et-gap-763853\"><\/span><p class=\"et-heading text-align-left tablet-text-align-inherit mobile-text-align-inherit animate-false no-animation-type\" id=\"et-heading-986217\" data-delay=\"0\" data-mobile-font=\"inherit\" data-mobile-line-height=\"inherit\" data-tablet-landscape-font=\"inherit\" data-tablet-portrait-font=\"inherit\" data-tablet-landscape-line-height=\"inherit\" data-tablet-portrait-line-height=\"inherit\" data-parallax=\"false\" data-move=\"false\" data-coordinatex=\"0\" data-coordinatey=\"0\" data-speed=\"10\"><span class=\"text-wrapper\"><span class=\"text\">La TMF S.R.L. \u00e8 un\u2019azienda altamente specializzata e che gode di una ricca esperienza nel dominio della progettazione meccanica e simulazione di robot.<\/span><\/span><\/p>[vc_column_text animation_delay=&#8221;0&#8243;]<span class=\"et-font-size\" data-fontsize=\"24px\" data-lineheight=\"28px\">\n<span style=\"color: #000000;\">Grazie alla collaborazione permanente con clienti importanti del settore auto, la nostra azienda \u00e8 in cerca permanente di nuove soluzioni tecniche, nuove e originali, al fine di ottenere un prodotto finito di alta qualit\u00e0.<\/span><br \/>\n<\/span>[\/vc_column_text]<span class=\"et-gap et-clearfix et-gap-138704\"><\/span>[\/vc_column][\/vc_row][vc_row equal_height=&#8221;yes&#8221; content_placement=&#8221;middle&#8221; element_id=&#8221;689128&#8243; css=&#8221;.vc_custom_1575849548161{padding-top: 96px !important;padding-bottom: 96px !important;background-color: #307738 !important;}&#8221;][vc_column animation_delay=&#8221;0&#8243; css_animation=&#8221;bottom-to-top&#8221; width=&#8221;1\/2&#8243; element_id=&#8221;960198&#8243; offset=&#8221;vc_col-lg-6 vc_col-md-6 vc_col-xs-12&#8243; crp=&#8221;480:i:i,480-768:i:i,768-1024:i:i,1024-1280:i:i,1280-1366:i:i,1366-1600:i:i,1600-1920:i:i&#8221;][vc_column_text animation_delay=&#8221;0&#8243;]<span class=\"et-font-size\" data-fontsize=\"24px\" data-lineheight=\"32px\">\n<span style=\"color: #ffffff;\">Per noi, ogni singolo progetto c\u2019\u00e8 una nuova sfida ed \u00e8 abbordato dalla nostra squadra con una competenza straordinaria, con dinamismo e flessibilit\u00e0 assoluta. Nello stesso tempo, aiutiamo in ogni occasione i nostri partner, fornendoli i mezzi e le informazioni necessarie per farli garantire il successo dei loro prodotti.<\/span><br \/>\n<\/span>[\/vc_column_text][\/vc_column][vc_column width=&#8221;1\/2&#8243;][vc_images_carousel images=&#8221;1031,1035,1039,1043,1047&#8243; img_size=&#8221;600&#215;400&#8243; onclick=&#8221;link_no&#8221; speed=&#8221;1000&#8243; autoplay=&#8221;yes&#8221; hide_pagination_control=&#8221;yes&#8221; wrap=&#8221;yes&#8221;][\/vc_column][\/vc_row][vc_row gap=&#8221;0&#8243; element_id=&#8221;767292&#8243; element_css=&#8221;.vc-row-666916 .top-gradient {background:linear-gradient(to bottom, #ffffff 0%,rgba(255,255,255,0) 100%);}&#8221; grid_overlay=&#8221;black&#8221; css=&#8221;.vc_custom_1548925835685{padding-top: 96px !important;padding-bottom: 0px !important;}&#8221;][vc_column width=&#8221;1\/4&#8243;][\/vc_column][vc_column animation_delay=&#8221;0&#8243; css_animation=&#8221;bottom-to-top&#8221; width=&#8221;1\/2&#8243; element_id=&#8221;813566&#8243; crp=&#8221;480:i:i,480-768:i:i,768-1024:i:i,1024-1280:i:i,1280-1366:i:i,1366-1600:i:i,1600-1920:i:i&#8221;]<div id=\"et-image-875323\" class=\"et-image aligncenter curtain-left\" data-curtain=\"false\" data-animation-delay=\"0\" data-parallax=\"false\" data-move=\"false\" data-coordinatex=\"0\" data-coordinatey=\"0\" data-speed=\"10\"><img decoding=\"async\" width=\"t\" height=\"t\" src=\"http:\/\/www.tmf.com.ro\/wp-content\/uploads\/2019\/12\/logo_TMF-romania.png\" alt=\"TMF\" title=\"\"><\/div><span class=\"et-gap et-clearfix et-gap-713538\"><\/span>[\/vc_column][vc_column width=&#8221;1\/4&#8243;][\/vc_column][\/vc_row][vc_row element_id=&#8221;233081&#8243; element_css=&#8221;.vc-row-666916 .top-gradient {background:linear-gradient(to bottom, #ffffff 0%,rgba(255,255,255,0) 100%);}&#8221; grid_overlay=&#8221;black&#8221; css=&#8221;.vc_custom_1548927243306{padding-top: 0px !important;padding-bottom: 96px !important;}&#8221;][vc_column]<div id=\"et-step-box-container-273306\" class=\"column-1 et-step-box-container\"><div id=\"et-step-box-175851\" class=\"et-step-box et-item\"><div class=\"et-step-box-inner et-item-inner et-clearfix\"><div class=\"et-step-content et-clearfix\"><div class=\"step-dot\"><span class=\"before\"><\/span><\/div><h3 class=\"et-step-box-title\">La nostra azienda<\/h3><p class=\"et-step-box-content\"><span class=\"et-font-size\" data-fontsize=\"18px\" data-lineheight=\"28px\">\u00e8 stata costituita nell\u2019anno 2004, da quando \u00e8 in permanente sviluppo. Le premesse dello sviluppo veloce furono: l\u2019aumento continuo del numero dei clienti, il loro completo soddisfacimento e la nostra attenzione speciale prestata per ci\u00f2 che riguarda l\u2019organizzazione e la pianificazione dei lavori.<\/span><\/p><\/div><\/div><\/div><div id=\"et-step-box-652188\" class=\"et-step-box et-item\"><div class=\"et-step-box-inner et-item-inner et-clearfix\"><div class=\"et-step-content et-clearfix\"><div class=\"step-dot\"><span class=\"before\"><\/span><\/div><h3 class=\"et-step-box-title\">La societ\u00e0 mira<\/h3><p class=\"et-step-box-content\"><span class=\"et-font-size\" data-fontsize=\"18px\" data-lineheight=\"28px\">\u00e0 raggiungere una performance superiore, che garantisca una buona posizione sul mercato, per ci\u00f2 che riguarda i seguenti attributi: la qualit\u00e0 dei servizi e dei prodotti forniti, la tecnologia impiegata, il perfezionamento continuo delle risorse umane, il rispetto del termine di consegna, la capacit\u00e0 di adattamento ai cambiamenti ambientali, alle esigenze e requisiti dei clienti.<\/span><\/p><\/div><\/div><\/div><div id=\"et-step-box-984841\" class=\"et-step-box et-item\"><div class=\"et-step-box-inner et-item-inner et-clearfix\"><div class=\"et-step-content et-clearfix\"><div class=\"step-dot\"><span class=\"before\"><\/span><\/div><h3 class=\"et-step-box-title\">Pertanto,<\/h3><p class=\"et-step-box-content\"><span class=\"et-font-size\" data-fontsize=\"18px\" data-lineheight=\"28px\">l\u2019azienda ha ampliato l\u2019attivit\u00e0 anche nel settore dei trattamenti meccanici, al fine di far soddisfare le necessit\u00e0 dei suoi clienti. Grazie alla sua ricca esperienza sul campo, l\u2019attivit\u00e0 aziendale copre un\u2019ampia gamma di servizi: partendo dalla progettazione, simulazione, programmazione CAM e fino alla fornitura del prodotto finito.<\/span><\/p><\/div><\/div><\/div><\/div>[\/vc_column][\/vc_row]\n<\/div>","protected":false},"excerpt":{"rendered":"<p>[vc_row gap=&#8221;40&#8243; equal_height=&#8221;yes&#8221; content_placement=&#8221;middle&#8221; disable_element=&#8221;yes&#8221; element_id=&#8221;627832&#8243; element_css=&#8221;.vc-row-331899 .animated-container {background-image:url(http:\/\/www.tmf.com.ro\/wp-content\/uploads\/2019\/02\/map_transparent_dark.png);}.vc-row-331899 .top-gradient {background:linear-gradient(to bottom, #307734 0%,rgba(255,255,255,0) 100%);}.vc-row-331899 .bottom-gradient {background:linear-gradient(to top, #307734 0%,rgba(255,255,255,0) 100%);}&#8221; css=&#8221;.vc_custom_1576149916671{padding-top: 56px !important;padding-bottom: 96px !important;}&#8221; el_id=&#8221;one-page-about-us&#8221;][vc_column animation_delay=&#8221;0&#8243; css_animation=&#8221;bottom-to-top&#8221; element_id=&#8221;843083&#8243; crp=&#8221;480:i:i,480-768:i:i,768-1024:i:i,1024-1280:15:15,1280-1366:i:i,1366-1600:i:i,1600-1920:i:i&#8221; offset=&#8221;vc_col-lg-6 vc_col-md-12 vc_col-xs-12&#8243;][\/vc_column][vc_column animation_delay=&#8221;150&#8243; css_animation=&#8221;top-to-bottom&#8221; element_id=&#8221;504275&#8243; crp=&#8221;480:i:i,480-768:i:i,768-1024:i:i,1024-1280:15:15,1280-1366:i:i,1366-1600:i:i,1600-1920:i:i&#8221; offset=&#8221;vc_col-lg-6 vc_col-md-12 vc_col-xs-12&#8243;][vc_column_text animation_delay=&#8221;0&#8243;][\/vc_column_text][\/vc_column][\/vc_row][vc_row gap=&#8221;40&#8243; equal_height=&#8221;yes&#8221; content_placement=&#8221;middle&#8221; element_id=&#8221;895324&#8243; element_css=&#8221;.vc-row-331899 .animated-container {background-image:url(http:\/\/www.tmf.com.ro\/wp-content\/uploads\/2019\/02\/map_transparent_dark.png);}.vc-row-331899 .top-gradient {background:linear-gradient(to bottom, #307734 0%,rgba(255,255,255,0) 100%);}.vc-row-331899 [&hellip;]<\/p>\n","protected":false},"author":1,"featured_media":0,"parent":0,"menu_order":0,"comment_status":"closed","ping_status":"closed","template":"page-vc.php","meta":{"footnotes":""},"class_list":["post-1159","page","type-page","status-publish","hentry"],"_links":{"self":[{"href":"http:\/\/www.tmf.com.ro\/it\/wp-json\/wp\/v2\/pages\/1159","targetHints":{"allow":["GET"]}}],"collection":[{"href":"http:\/\/www.tmf.com.ro\/it\/wp-json\/wp\/v2\/pages"}],"about":[{"href":"http:\/\/www.tmf.com.ro\/it\/wp-json\/wp\/v2\/types\/page"}],"author":[{"embeddable":true,"href":"http:\/\/www.tmf.com.ro\/it\/wp-json\/wp\/v2\/users\/1"}],"replies":[{"embeddable":true,"href":"http:\/\/www.tmf.com.ro\/it\/wp-json\/wp\/v2\/comments?post=1159"}],"version-history":[{"count":4,"href":"http:\/\/www.tmf.com.ro\/it\/wp-json\/wp\/v2\/pages\/1159\/revisions"}],"predecessor-version":[{"id":2895,"href":"http:\/\/www.tmf.com.ro\/it\/wp-json\/wp\/v2\/pages\/1159\/revisions\/2895"}],"wp:attachment":[{"href":"http:\/\/www.tmf.com.ro\/it\/wp-json\/wp\/v2\/media?parent=1159"}],"curies":[{"name":"wp","href":"https:\/\/api.w.org\/{rel}","templated":true}]}}